{"id":16,"date":"2015-10-21T22:04:30","date_gmt":"2015-10-21T20:04:30","guid":{"rendered":"http:\/\/www.kinder-forscher.de\/experimente\/?page_id=16"},"modified":"2024-10-05T14:41:01","modified_gmt":"2024-10-05T12:41:01","slug":"was","status":"publish","type":"page","link":"http:\/\/www.kinder-forscher.de\/experimente\/was\/","title":{"rendered":"Was?"},"content":{"rendered":"<p><span style=\"font-size: 18pt; font-family: 'arial black', sans-serif;\">In der Experimente-Werkstatt warten \u00fcber 50 Exponate auf euch und Sie. Interessante und spannende Fragen aus allen Bereichen k\u00f6nnen untersucht werden. Hands on! Das Ausprobieren der Exponate geh\u00f6rt selbstverst\u00e4ndlich dazu. F\u00fcr Augen, Ohren, H\u00e4nde und Kopf gibt es vieles rund um die Mathematik zu entdecken.<\/span><\/p>\n<p><span style=\"font-size: 18pt; font-family: 'arial black', sans-serif;\">Unser besonderes Angebot: Workshops zu unterschiedlichen Themen.<\/span><\/p>\n<p><span style=\"font-size: 18pt; font-family: 'arial black', sans-serif;\">Klassen oder Gruppen k\u00f6nnen aus unserer <strong>Themenliste<\/strong> etwas ausw\u00e4hlen und bei der Anmeldung diesen Workshop zum gew\u00fcnschten Termin bestellen.<\/span><\/p>\n<p><span style=\"font-size: 18pt; font-family: 'arial black', sans-serif;\">F\u00fcr regul\u00e4re Besucher gibt es f\u00fcr die Workshops Sondertermine, die auf dieser Seite angek\u00fcndigt werden.<\/span><\/p>\n<h3><span style=\"font-size: 18pt; font-family: 'arial black', sans-serif;\">Themenliste:<\/span><\/h3>\n<ul>\n<li><span style=\"font-size: 18pt; font-family: 'arial black', sans-serif;\">Mathematik mit Kleiderb\u00fcgeln<\/span><\/li>\n<li><span style=\"font-size: 18pt; font-family: 'arial black', sans-serif;\">Geometrie zum Anfassen: mathematische K\u00f6rper basteln<\/span><\/li>\n<li><span style=\"font-size: 18pt; font-family: 'arial black', sans-serif;\">Mathematische Spiele entdecken und ausprobieren<\/span><\/li>\n<li><span style=\"font-size: 18pt; font-family: 'arial black', sans-serif;\">Einf\u00fchrung in das Go-Spiel<\/span><\/li>\n<li><span style=\"font-size: 18pt; font-family: 'arial black', sans-serif;\">Mathematik und Musik: Was sind und was k\u00f6nnen Boom whackers?<\/span><\/li>\n<li><span style=\"font-size: 18pt; font-family: 'arial black', sans-serif;\">Top secret: die Mathematik des Verschl\u00fcsselns und Versteckens<\/span><\/li>\n<\/ul>\n<p><span style=\"font-size: 18pt; font-family: 'arial black', sans-serif;\">Liste der Workshops finden sie <a href=\"https:\/\/didaktik.mathematik.uni-halle.de\/schuelerseite\/experimente-werkstatt_mathe\/projekte\/workshops\/\" target=\"_blank\" rel=\"noopener\">hier<\/a>.<\/span><\/p>\n<p><span style=\"font-family: 'arial black', sans-serif; font-size: 22pt;\"><span style=\"color: #ff0000;\">Neu:<\/span>\u00a0<\/span><\/p>\n<p><span style=\"font-family: 'arial black', sans-serif; font-size: 18pt;\">Seit Kurzem hat die Experimente-Werkstatt Mathematik 2 neu gestaltete R\u00e4ume, hierbei handelt es sich um <\/span><span style=\"font-family: 'arial black', sans-serif; font-size: 18pt;\"><em>Escape-R\u00e4ume.<\/em><\/span><br \/>\n<span style=\"font-family: 'arial black', sans-serif; font-size: 18pt;\">Sie sind unterschiedlich gestaltet und man bewegt sich auf den Spuren von Georg Cantor.<\/span><br \/>\n<span style=\"font-family: 'arial black', sans-serif; font-size: 18pt;\"> Es m\u00fcssen nicht nur mathematische R\u00e4tsel und Fragen gel\u00f6st werden.<\/span><\/p>\n<p><span style=\"font-family: 'arial black', sans-serif; font-size: 18pt;\"> Diese R\u00e4ume k\u00f6nnen in kleinen Gruppen (5-6 Personen) betreten werden.<\/span><\/p>\n<p><span style=\"font-family: 'arial black', sans-serif; font-size: 18pt;\">Die R\u00e4ume k\u00f6nnen einzeln gebucht \/ besucht werden oder zusammen mit der Ausstellung.<\/span><br \/>\n<span style=\"font-family: 'arial black', sans-serif; font-size: 18pt;\"> Die L\u00e4nge des Aufenthaltes richtet sich nach der Findigkeit der Gruppe, hier ist Spannung garantiert.<\/span><\/p>\n","protected":false},"excerpt":{"rendered":"<p>In der Experimente-Werkstatt warten \u00fcber 50 Exponate auf euch und Sie. Interessante und spannende Fragen aus allen Bereichen k\u00f6nnen untersucht werden. Hands on! Das Ausprobieren der Exponate geh\u00f6rt selbstverst\u00e4ndlich dazu. F\u00fcr Augen, Ohren, H\u00e4nde und Kopf gibt es vieles rund um die Mathematik zu entdecken. Unser besonderes Angebot: Workshops zu unterschiedlichen Themen. Klassen oder Gruppen [&hellip;]<\/p>\n","protected":false},"author":1,"featured_media":0,"parent":0,"menu_order":0,"comment_status":"closed","ping_status":"closed","template":"layouts\/fullwidth.php","meta":[],"_links":{"self":[{"href":"http:\/\/www.kinder-forscher.de\/experimente\/wp-json\/wp\/v2\/pages\/16"}],"collection":[{"href":"http:\/\/www.kinder-forscher.de\/experimente\/wp-json\/wp\/v2\/pages"}],"about":[{"href":"http:\/\/www.kinder-forscher.de\/experimente\/wp-json\/wp\/v2\/types\/page"}],"author":[{"embeddable":true,"href":"http:\/\/www.kinder-forscher.de\/experimente\/wp-json\/wp\/v2\/users\/1"}],"replies":[{"embeddable":true,"href":"http:\/\/www.kinder-forscher.de\/experimente\/wp-json\/wp\/v2\/comments?post=16"}],"version-history":[{"count":15,"href":"http:\/\/www.kinder-forscher.de\/experimente\/wp-json\/wp\/v2\/pages\/16\/revisions"}],"predecessor-version":[{"id":542,"href":"http:\/\/www.kinder-forscher.de\/experimente\/wp-json\/wp\/v2\/pages\/16\/revisions\/542"}],"wp:attachment":[{"href":"http:\/\/www.kinder-forscher.de\/experimente\/wp-json\/wp\/v2\/media?parent=16"}],"curies":[{"name":"wp","href":"https:\/\/api.w.org\/{rel}","templated":true}]}}