{"id":20,"date":"2015-10-21T22:06:29","date_gmt":"2015-10-21T20:06:29","guid":{"rendered":"http:\/\/www.kinder-forscher.de\/experimente\/?page_id=20"},"modified":"2018-06-26T16:43:23","modified_gmt":"2018-06-26T14:43:23","slug":"wer","status":"publish","type":"page","link":"http:\/\/www.kinder-forscher.de\/experimente\/wer\/","title":{"rendered":"Wer?"},"content":{"rendered":"<p><span style=\"font-size: 18pt; font-family: 'arial black', sans-serif;\">Die Experimente-Werkstatt Mathematik ist beheimatet in der Martin-Luther-Universit\u00e4t Halle-Wittenberg. Das Institut f\u00fcr Mathematik ist f\u00fcr die inhaltliche und organisatorische Gestaltung dieses au\u00dferschulischen Lernorts Mathematik f\u00fcr die Primar-, Sekundar- und Gymnasialstufe verantwortlich. Die Verbindung von Sch\u00fcler-Lern-Labor und Forschungsst\u00e4tte f\u00fcr die Lehramtsausbildung Mathematik ist zentrales Anliegen. (<a href=\"http:\/\/didaktik.mathematik.uni-halle.de\/schuelerseite\/experimente-werkstatt_mathe\/\" target=\"_blank\" rel=\"noopener\">http:\/\/didaktik.mathematik.uni-halle.de\/schuelerseite\/experimente-werkstatt_mathe\/<\/a>)<\/span><\/p>\n<p><span style=\"font-size: 18pt; font-family: 'arial black', sans-serif;\">Die erfolgreiche Gestaltung der Experimente-Werkstatt Mathematik basiert auf der Zusammenarbeit des Instituts f\u00fcr Mathematik der Universit\u00e4t Halle und des F\u00f6rdervereins Kinder-Forscher e.V. <a href=\"http:\/\/www.kinder-forscher.de\" target=\"_blank\" rel=\"noopener\">(www.kinder-forscher.de)<\/a><\/span><\/p>\n<p><span style=\"font-size: 18pt; font-family: 'arial black', sans-serif;\">Der Verein wurde am 15.11.2010 gegr\u00fcndet und als gemeinn\u00fctzig anerkannt.<\/span><\/p>\n<p><span style=\"font-size: 18pt; font-family: 'arial black', sans-serif;\">Der Vorstand des Vereins besteht aus Herrn Axel Hensel (Vorsitzender) und Frau Jana Bielitz (stellvertretende Vorsitzende).<\/span><br \/>\n<span style=\"font-size: 18pt; font-family: 'arial black', sans-serif;\"> Zweck des Vereins ist die F\u00f6rderung von mathematischer und naturwissenschaftlicher Bildung von Kindern. Die Zusammenarbeit mit dem Institut f\u00fcr Mathematik der Universit\u00e4t Halle in der Experimente-Werkstatt Mathematik entspricht dieser Zielsetzung<\/span><\/p>\n<p><span style=\"font-size: 18pt; font-family: 'arial black', sans-serif;\">Wenn Sie den F\u00f6rderverein unterst\u00fctzen wollen, k\u00f6nnen Sie dem \u201eF\u00f6rderverein Kinder-Forscher e.V.\u201c beitreten.<\/span><\/p>\n","protected":false},"excerpt":{"rendered":"<p>Die Experimente-Werkstatt Mathematik ist beheimatet in der Martin-Luther-Universit\u00e4t Halle-Wittenberg. Das Institut f\u00fcr Mathematik ist f\u00fcr die inhaltliche und organisatorische Gestaltung dieses au\u00dferschulischen Lernorts Mathematik f\u00fcr die Primar-, Sekundar- und Gymnasialstufe verantwortlich. Die Verbindung von Sch\u00fcler-Lern-Labor und Forschungsst\u00e4tte f\u00fcr die Lehramtsausbildung Mathematik ist zentrales Anliegen. (http:\/\/didaktik.mathematik.uni-halle.de\/schuelerseite\/experimente-werkstatt_mathe\/) Die erfolgreiche Gestaltung der Experimente-Werkstatt Mathematik basiert auf der Zusammenarbeit [&hellip;]<\/p>\n","protected":false},"author":1,"featured_media":0,"parent":0,"menu_order":0,"comment_status":"closed","ping_status":"closed","template":"layouts\/fullwidth.php","meta":[],"_links":{"self":[{"href":"http:\/\/www.kinder-forscher.de\/experimente\/wp-json\/wp\/v2\/pages\/20"}],"collection":[{"href":"http:\/\/www.kinder-forscher.de\/experimente\/wp-json\/wp\/v2\/pages"}],"about":[{"href":"http:\/\/www.kinder-forscher.de\/experimente\/wp-json\/wp\/v2\/types\/page"}],"author":[{"embeddable":true,"href":"http:\/\/www.kinder-forscher.de\/experimente\/wp-json\/wp\/v2\/users\/1"}],"replies":[{"embeddable":true,"href":"http:\/\/www.kinder-forscher.de\/experimente\/wp-json\/wp\/v2\/comments?post=20"}],"version-history":[{"count":10,"href":"http:\/\/www.kinder-forscher.de\/experimente\/wp-json\/wp\/v2\/pages\/20\/revisions"}],"predecessor-version":[{"id":290,"href":"http:\/\/www.kinder-forscher.de\/experimente\/wp-json\/wp\/v2\/pages\/20\/revisions\/290"}],"wp:attachment":[{"href":"http:\/\/www.kinder-forscher.de\/experimente\/wp-json\/wp\/v2\/media?parent=20"}],"curies":[{"name":"wp","href":"https:\/\/api.w.org\/{rel}","templated":true}]}}