{"id":22,"date":"2015-10-21T22:06:54","date_gmt":"2015-10-21T20:06:54","guid":{"rendered":"http:\/\/www.kinder-forscher.de\/experimente\/?page_id=22"},"modified":"2026-04-06T18:26:23","modified_gmt":"2026-04-06T16:26:23","slug":"wo-wann-wie","status":"publish","type":"page","link":"http:\/\/www.kinder-forscher.de\/experimente\/wo-wann-wie\/","title":{"rendered":"Wo? Wann? Wie?"},"content":{"rendered":"<p><span style=\"font-size: 18pt; font-family: 'arial black', sans-serif;\">Hier finden Sie alle wichtigen Informationen f\u00fcr einen Besuch in unserer Ausstellung. Bei Fragen k\u00f6nnen Sie sich gern per Kontakt bei uns pers\u00f6nlich melden.<\/span><\/p>\n<h3><span style=\"font-size: 18pt; font-family: 'arial black', sans-serif;\">Wo?<\/span><\/h3>\n<p><span style=\"font-family: 'arial black', sans-serif; font-size: 22pt; color: #ff0000;\">Mansfelder Str. 15 <span style=\"font-size: 18pt;\">(Seiteneingang)<\/span>, 06108 Halle (1. OG, links) <a href=\"http:\/\/www.kinder-forscher.de\/experimente\/wp-content\/uploads\/2019\/02\/lageplan.jpg\" target=\"_blank\" rel=\"noopener noreferrer\"><img decoding=\"async\" loading=\"lazy\" class=\"alignnone  wp-image-401\" src=\"http:\/\/www.kinder-forscher.de\/experimente\/wp-content\/uploads\/2019\/02\/seeicons-300x300.png\" alt=\"\" width=\"49\" height=\"49\" srcset=\"http:\/\/www.kinder-forscher.de\/experimente\/wp-content\/uploads\/2019\/02\/seeicons-300x300.png 300w, http:\/\/www.kinder-forscher.de\/experimente\/wp-content\/uploads\/2019\/02\/seeicons-150x150.png 150w, http:\/\/www.kinder-forscher.de\/experimente\/wp-content\/uploads\/2019\/02\/seeicons.png 512w\" sizes=\"(max-width: 49px) 100vw, 49px\" \/><\/a><\/span><\/p>\n<h3><\/h3>\n<h3><span style=\"font-size: 18pt; font-family: 'arial black', sans-serif;\">Wann?<\/span><\/h3>\n<p><span style=\"font-size: 18pt; font-family: 'arial black', sans-serif;\">Montag bis Freitag <strong><a href=\"http:\/\/www.kinder-forscher.de\/experimente\/wo-wann-wie\/anmelden\/\" target=\"_blank\" rel=\"noopener noreferrer\">nach Anmeldung<\/a><\/strong>\u00a0<\/span><\/p>\n<h3><span style=\"font-size: 18pt; font-family: 'arial black', sans-serif;\">Wie?<\/span><\/h3>\n<p><span style=\"font-size: 18pt; font-family: 'arial black', sans-serif;\">Anmeldung f\u00fcr Klassen, Gruppen und Einzelbesucher:<\/span><\/p>\n<p><span style=\"font-size: 18pt; font-family: 'arial black', sans-serif;\">Anmeldeformular:\u00a0<a href=\"http:\/\/www.kinder-forscher.de\/experimente\/anmelden\">Hier klicken<\/a><\/span><\/p>\n<h3><\/h3>\n<p style=\"text-align: justify;\">\n<hr \/>\n<h3><span style=\"text-decoration: underline;\"><span style=\"font-size: 18pt; font-family: 'arial black', sans-serif;\">Eintrittspreise:<\/span><\/span><\/h3>\n<p><span style=\"font-family: 'arial black', sans-serif; font-size: 18pt; color: #0000ff;\">Ausstellung<\/span><\/p>\n<ul>\n<li><span style=\"font-size: 18pt; font-family: 'arial black', sans-serif;\">pro Person*: 2,00 \u20ac<\/span><\/li>\n<li><span style=\"font-size: 18pt; color: #0000ff; font-family: arial black, sans-serif;\"><strong>Materialzuschlag f\u00fcr Schulklassen\/ Gruppe (ab 15 Personen): 10,00 \u20ac<br \/>\n<\/strong><\/span><\/li>\n<li><span style=\"font-size: 18pt; font-family: 'arial black', sans-serif;\">Die Preise werden f\u00fcr den Aufenthalt von 2 Stunden berechnet<\/span><\/li>\n<\/ul>\n<p><span style=\"font-family: 'arial black', sans-serif; font-size: 18pt; color: #0000ff;\">weitere Extras<\/span><\/p>\n<ul>\n<li><span style=\"font-size: 18pt; font-family: 'arial black', sans-serif;\">Materialzuschlag f\u00fcr Workshops und\/ oder Escape-Raum<\/span><span style=\"font-size: 18pt; font-family: arial black, sans-serif;\"> 5,00 \u20ac<\/span><\/li>\n<\/ul>\n<p><span style=\"color: #ff00ff; font-size: 22pt;\"><em><strong>Bezahlung nur auf Rechnung m\u00f6glich!<\/strong><\/em><\/span><\/p>\n<p><span style=\"font-family: 'arial black', sans-serif; font-size: 18pt;\"><strong><span style=\"color: #ff0000;\">\u00a0<\/span><\/strong><\/span><\/p>\n<p><span style=\"font-family: 'arial black', sans-serif;\"><strong><span style=\"font-size: 16pt; color: #ff0000;\">Wir bitten um Ihr Verst\u00e4ndnis, der laufende Betrieb der Ausstellung wird aus diesen Eintrittsgeldern finanziert.<\/span><\/strong><\/span><\/p>\n<p><span style=\"color: #0000ff; font-family: 'arial black', sans-serif; font-size: 18pt;\"><strong>Wir freuen uns daher auch \u00fcber zus\u00e4tzlichen Spenden und bitten die Exponate nicht zu besch\u00e4digen**.<\/strong><\/span><\/p>\n<h5><strong><span style=\"font-size: 16pt;\">*Der Eintritt ist f\u00fcr alle Personen, einschlie\u00dflich Lehrkr\u00e4ften und Begleitpersonen, kostenpflichtig.<\/span><\/strong><\/h5>\n<h5><span style=\"font-size: 16pt;\">**<strong>Bei Besch\u00e4digungen der Exponate und anderen Gegenst\u00e4nden in der Experimente-Werkstatt behalten wir uns Schadensanspr\u00fcche vor! <\/strong><\/span><\/h5>\n","protected":false},"excerpt":{"rendered":"<p>Hier finden Sie alle wichtigen Informationen f\u00fcr einen Besuch in unserer Ausstellung. Bei Fragen k\u00f6nnen Sie sich gern per Kontakt bei uns pers\u00f6nlich melden. Wo? Mansfelder Str. 15 (Seiteneingang), 06108 Halle (1. OG, links) Wann? Montag bis Freitag nach Anmeldung\u00a0 Wie? Anmeldung f\u00fcr Klassen, Gruppen und Einzelbesucher: Anmeldeformular:\u00a0Hier klicken Eintrittspreise: Ausstellung pro Person*: 2,00 \u20ac [&hellip;]<\/p>\n","protected":false},"author":1,"featured_media":0,"parent":0,"menu_order":0,"comment_status":"closed","ping_status":"closed","template":"layouts\/fullwidth.php","meta":[],"_links":{"self":[{"href":"http:\/\/www.kinder-forscher.de\/experimente\/wp-json\/wp\/v2\/pages\/22"}],"collection":[{"href":"http:\/\/www.kinder-forscher.de\/experimente\/wp-json\/wp\/v2\/pages"}],"about":[{"href":"http:\/\/www.kinder-forscher.de\/experimente\/wp-json\/wp\/v2\/types\/page"}],"author":[{"embeddable":true,"href":"http:\/\/www.kinder-forscher.de\/experimente\/wp-json\/wp\/v2\/users\/1"}],"replies":[{"embeddable":true,"href":"http:\/\/www.kinder-forscher.de\/experimente\/wp-json\/wp\/v2\/comments?post=22"}],"version-history":[{"count":67,"href":"http:\/\/www.kinder-forscher.de\/experimente\/wp-json\/wp\/v2\/pages\/22\/revisions"}],"predecessor-version":[{"id":559,"href":"http:\/\/www.kinder-forscher.de\/experimente\/wp-json\/wp\/v2\/pages\/22\/revisions\/559"}],"wp:attachment":[{"href":"http:\/\/www.kinder-forscher.de\/experimente\/wp-json\/wp\/v2\/media?parent=22"}],"curies":[{"name":"wp","href":"https:\/\/api.w.org\/{rel}","templated":true}]}}