{"id":33,"date":"2015-10-21T22:14:22","date_gmt":"2015-10-21T20:14:22","guid":{"rendered":"http:\/\/www.kinder-forscher.de\/experimente\/?page_id=33"},"modified":"2024-10-05T14:23:29","modified_gmt":"2024-10-05T12:23:29","slug":"impressum","status":"publish","type":"page","link":"http:\/\/www.kinder-forscher.de\/experimente\/impressum\/","title":{"rendered":"Impressum"},"content":{"rendered":"\n<p>Inhaltlich verantwortlich: Prof. Dr. K. Richter<\/p>\n\n\n\n<p>Redaktion: A. Hensel<\/p>\n\n\n\n<h3>Institutionen<\/h3>\n\n\n\n<p>Die Martin-Luther-Universit\u00e4t Halle-Wittenberg ist eine K\u00f6rperschaft des \u00f6ffentlichen Rechts. Sie wird durch den Rektor Prof. Dr. Udo Str\u00e4ter gesetzlich vertreten: rektor@uni-halle.de<\/p>\n\n\n\n<h4>Umsatzsteuer-Identifikationsnummer<\/h4>\n\n\n\n<p>DE 811353703<br>gem\u00e4\u00df \u00a7 27 a Umsatzsteuergesetz<\/p>\n\n\n\n<h4>Adresse<\/h4>\n\n\n\n<p>Martin-Luther-Universit\u00e4t Halle-Wittenberg<br>Universit\u00e4tsplatz 10<br>06108 Halle<br>Deutschland<\/p>\n\n\n\n<h4>Kontakt<\/h4>\n\n\n\n<figure class=\"wp-block-table\"><table><tbody><tr><td><strong>Telefon<\/strong><\/td><td>+49 (0)345 55-24624<\/td><\/tr><tr><td><strong>Fax<\/strong><\/td><td>+49 (0)345 55-27001<\/td><\/tr><tr><td><strong>E-Mail<\/strong><\/td><td><a href=\"mailto:info@kinder-forscher.de\">info@kinder-forscher.de<\/a><\/td><\/tr><tr><td><strong>Internet<\/strong><\/td><td><a href=\"http:\/\/www.mathematik.uni-halle.de\/\">www.mathematik.uni-halle.de<\/a> oder <a href=\"http:\/\/www.kinder-forscher.de\" target=\"_blank\" rel=\"noreferrer noopener\">www.kinder-forscher.de<\/a><\/td><\/tr><\/tbody><\/table><\/figure>\n\n\n\n<h3>Urheberrechtshinweis<\/h3>\n\n\n\n<p>Bitte beachten Sie, dass alle Texte, Bilder und Grafiken sowie ihre Arrangements &#8211; soweit nicht anders ersichtlich &#8211; von der Martin-Luther-Universit\u00e4t Halle-Wittenberg selbst erstellt wurden und dem Schutz des Urheberrechts unterliegen.<br>Sie d\u00fcrfen damit beispielsweise weder kopiert, noch ver\u00e4ndert noch auf anderen Web-Sites verwendet werden. Der Nutzung der allgemein zug\u00e4nglichen Texte durch Dritte stimmen wir hiermit &#8211; auch auszugsweise &#8211; nur unter der Bedingung zu, dass die Martin-Luther-Universit\u00e4t Halle-Wittenberg als Urheber genannt wird.<br>Die Nutzung der anderen Inhalte, wie beispielsweise der Bilder und Grafiken, ist nicht gestattet. Sollten Sie jedoch Interesse an einem Nutzungsrecht haben, wenden Sie sich bitte an oben genannte Adresse.<\/p>\n\n\n\n<h3>F\u00f6rderverein Kinder-Forscher e.V.<\/h3>\n\n\n\n<figure class=\"wp-block-table\"><table><tbody><tr><td><strong>Register<\/strong><\/td><td>(Vereinsregister) Amtsgericht Stendal<\/td><\/tr><tr><td><strong>Registernr.<\/strong><\/td><td>VR 2591<\/td><\/tr><tr><td><strong>St.-Nr.<\/strong><\/td><td>111\/142\/09912<\/td><\/tr><\/tbody><\/table><\/figure>\n\n\n\n<h4>Adresse<\/h4>\n\n\n\n<p>Mansfelder Str. 154<br>06108 Halle<\/p>\n\n\n\n<h4>Kontakt<\/h4>\n\n\n\n<figure class=\"wp-block-table\"><table><tbody><tr><td><strong>&nbsp;Telefon<\/strong><\/td><td>&nbsp;+49 (0) 172 5952423<\/td><\/tr><tr><td><strong>E-Mail<\/strong><\/td><td><a href=\"mailto:info@kinder-forscher.de\">info@kinder-forscher.de<\/a><\/td><\/tr><tr><td><strong>Internet<\/strong><\/td><td><a rel=\"noopener noreferrer\" href=\"http:\/\/www.kinder-forscher.de\" target=\"_blank\">www.kinder-forscher.de<\/a> <\/td><\/tr><tr><td>&nbsp;<\/td><td>&nbsp;<\/td><\/tr><\/tbody><\/table><\/figure>\n\n\n\n<h4><strong>Bankverbindung<\/strong><\/h4>\n\n\n\n<p>Saalesparkasse Halle<br>\nF\u00f6rderverein Kinder-Forscher e.V.<br>IBAN DE 49800537620385316527<br> BIC NOLADE21HAL<\/p>\n","protected":false},"excerpt":{"rendered":"<p>Inhaltlich verantwortlich: Prof. Dr. K. Richter Redaktion: A. Hensel Institutionen Die Martin-Luther-Universit\u00e4t Halle-Wittenberg ist eine K\u00f6rperschaft des \u00f6ffentlichen Rechts. Sie wird durch den Rektor Prof. Dr. Udo Str\u00e4ter gesetzlich vertreten: rektor@uni-halle.de Umsatzsteuer-Identifikationsnummer DE 811353703gem\u00e4\u00df \u00a7 27 a Umsatzsteuergesetz Adresse Martin-Luther-Universit\u00e4t Halle-WittenbergUniversit\u00e4tsplatz 1006108 HalleDeutschland Kontakt Telefon +49 (0)345 55-24624 Fax +49 (0)345 55-27001 E-Mail info@kinder-forscher.de Internet [&hellip;]<\/p>\n","protected":false},"author":1,"featured_media":0,"parent":0,"menu_order":0,"comment_status":"closed","ping_status":"closed","template":"","meta":[],"_links":{"self":[{"href":"http:\/\/www.kinder-forscher.de\/experimente\/wp-json\/wp\/v2\/pages\/33"}],"collection":[{"href":"http:\/\/www.kinder-forscher.de\/experimente\/wp-json\/wp\/v2\/pages"}],"about":[{"href":"http:\/\/www.kinder-forscher.de\/experimente\/wp-json\/wp\/v2\/types\/page"}],"author":[{"embeddable":true,"href":"http:\/\/www.kinder-forscher.de\/experimente\/wp-json\/wp\/v2\/users\/1"}],"replies":[{"embeddable":true,"href":"http:\/\/www.kinder-forscher.de\/experimente\/wp-json\/wp\/v2\/comments?post=33"}],"version-history":[{"count":24,"href":"http:\/\/www.kinder-forscher.de\/experimente\/wp-json\/wp\/v2\/pages\/33\/revisions"}],"predecessor-version":[{"id":527,"href":"http:\/\/www.kinder-forscher.de\/experimente\/wp-json\/wp\/v2\/pages\/33\/revisions\/527"}],"wp:attachment":[{"href":"http:\/\/www.kinder-forscher.de\/experimente\/wp-json\/wp\/v2\/media?parent=33"}],"curies":[{"name":"wp","href":"https:\/\/api.w.org\/{rel}","templated":true}]}}